{"id":442,"date":"2021-05-19T10:28:09","date_gmt":"2021-05-19T08:28:09","guid":{"rendered":"https:\/\/www.labergeriedandrimont.be\/politique-de-cookies\/"},"modified":"2021-05-19T10:28:09","modified_gmt":"2021-05-19T08:28:09","slug":"politique-de-cookies","status":"publish","type":"page","link":"https:\/\/www.labergeriedandrimont.be\/de\/politique-de-cookies\/","title":{"rendered":"Politique de cookies"},"content":{"rendered":"<p>La pr\u00e9sente D\u00e9claration d\u2019utilisation de cookies s\u2019applique au site web www.labergeriedandrimont.be (ci-apr\u00e8s d\u00e9sign\u00e9 par le \u00ab Site Web \u00bb).<\/p>\n<p>Le Site Web est exploit\u00e9 par Aline et Jean-Fran\u00e7ois Ahn, dont le si\u00e8ge social est situ\u00e9 \u00e0 <a href=\"https:\/\/goo.gl\/maps\/AcGZn7KHaQMDRNhU9\" target=\"blank\" rel=\"noopener\">Route de Henri-Chapelle 158 4821 Andrimont<\/a>.<\/p>\n<p>La pr\u00e9sente d\u00e9claration a pour but d\u2019informer l\u2019utilisateur du Site Web au sujet des cookies utilis\u00e9s sur le Site Web. En visitant ou en utilisant le Site Web, vous acceptez express\u00e9ment l\u2019utilisation des cookies de la mani\u00e8re d\u00e9crite ci-dessous.<\/p>\n<p>La pr\u00e9sente d\u00e9claration compl\u00e8te les dispositions de la politique de protection de la vie priv\u00e9e de La Bergierie Andrimont, consultable \u00e0 l\u2019adresse suivante : <a class=\"simple-link nuxt-link-active\" href=\"\/politique-de-confidentialite\">Politique de confidentialit\u00e9<\/a><\/p>\n<h2>1. Les cookies &#8211; qu&#8217;est-ce que c&#8217;est ?<\/h2>\n<p>Les \u00ab Cookies\u00bb sont des petits fichiers d\u2019informations enregistr\u00e9s \u2013 temporairement ou non \u2013 sur votre ordinateur ou appareil par le serveur d\u2019un site web via le navigateur que vous utilisez pour le consulter. Les cookies contiennent des informations uniques qui permettent la reconnaissance de votre navigateur lors de votre visite ainsi que, le cas \u00e9ch\u00e9ant, lors de toute visite ult\u00e9rieure.<\/p>\n<p>Les cookies nous permettent de simplifier, compl\u00e9ter et personnaliser l\u2019utilisation du site, et permettent \u00e0 nos partenaires de vous proposer de la publicit\u00e9 cibl\u00e9e sur vos centres d\u2019int\u00e9r\u00eats ou vos pr\u00e9f\u00e9rences.<\/p>\n<h2>2. Quels sont les cookies que nous utilisons ?<\/h2>\n<h3>2.1 Cookies strictement n\u00e9cessaires<\/h3>\n<p>Ces cookies sont indispensables pour pouvoir visiter les Sites Web et pour pouvoir utiliser certaines de ses fonctionnalit\u00e9s. Ces cookies vous permettent, par exemple, de naviguer entre les diff\u00e9rentes parties du Site Web ou de remplir des formulaires ou encore d\u2019acc\u00e9der \u00e0 certaines parties s\u00e9curis\u00e9es. Si vous refusez ces cookies, certaines parties du Site Web peuvent ne pas fonctionner.<\/p>\n<p>Les cookies strictement n\u00e9cessaires utilis\u00e9s sont les suivants :<\/p>\n<p><strong><i>Nous n&#8217;utilisons pas de cookies strictement n\u00e9cessaires sur ce site.<\/i><\/strong><\/p>\n<h3>2.2 Cookies statistiques<\/h3>\n<p>Les cookies de statistiques permettent \u00e0 la bergeried andrimont de collecter des informations anonymes qui l\u2019aident \u00e0 comprendre la mani\u00e8re dont les visiteurs interagissent avec le Site web.<\/p>\n<p>Les cookies de performance et de statistiques utilis\u00e9s sont les suivants :<\/p>\n<table>\n<thead>\n<tr>\n<td><strong>Nom<\/strong><\/td>\n<td><strong>Fournisseur<\/strong><\/td>\n<td><strong>Finalit\u00e9<\/strong><\/td>\n<td><strong>Expiration<\/strong><\/td>\n<\/tr>\n<\/thead>\n<tbody>\n<tr>\n<td>_ga<\/td>\n<td>Google Analytics<\/td>\n<td>Utilis\u00e9 pour distinguer les utilisateurs uniques en attribuant un num\u00e9ro g\u00e9n\u00e9r\u00e9 al\u00e9atoirement en tant qu\u2019identifiant client. Il est inclus dans chaque demande de page dans un site et utilis\u00e9 pour calculer les donn\u00e9es de visiteurs, de sessions et de campagnes pour les rapports d\u2019analyse de sites. il est d\u00e9fini pour expirer apr\u00e8s 14 mois.<\/td>\n<td>24 mois<\/td>\n<\/tr>\n<tr>\n<td>_gat<\/td>\n<td>Google Analytics<\/td>\n<td>Il est utilis\u00e9 pour limiter le d\u00e9bit des demandes, ce qui limite la collecte de donn\u00e9es sur les sites \u00e0 fort trafic.<\/td>\n<td>10 minutes<\/td>\n<\/tr>\n<tr>\n<td>_gid<\/td>\n<td>Google Analytics<\/td>\n<td>Il stocke et met \u00e0 jour une valeur unique pour chaque page visit\u00e9e.<\/td>\n<td>Expire \u00e0 la fin de la visite<\/td>\n<\/tr>\n<\/tbody>\n<\/table>\n<h2>4. Gestion des cookies<\/h2>\n<p>Vous pouvez modifier vos param\u00e8tres de cookies dans vos navigateurs Internet. Ces param\u00e8tres peuvent \u00eatre trouv\u00e9s dans le menu \u00ab options \u00bb ou \u2018pr\u00e9f\u00e9rences \u00bb de votre navigateur internet. Afin de comprendre ces param\u00e8tres, les liens suivants peuvent vous \u00eatre utiles. Sinon, vous devriez utiliser l\u2019option \u00ab Aide \u00bb dans votre navigateur internet pour plus de d\u00e9tails.<\/p>\n<ul class=\"bullet\">\n<li><a href=\"https:\/\/support.mozilla.org\/fr\/kb\/cookies-informations-sites-enregistrent?redirectlocale=en-US&amp;redirectslug=Cookies\" target=\"blank\" rel=\"noopener\">Param\u00e8tres Cookies dans Mozilla Firefox<\/a><\/li>\n<li><a href=\"https:\/\/policies.google.com\/technologies\/cookies?hl=fr\" target=\"blank\" rel=\"noopener\">Param\u00e8tres Cookies dans Google Chrome<\/a><\/li>\n<li><a href=\"https:\/\/support.apple.com\/fr-fr\/HT201265\" target=\"blank\" rel=\"noopener\">Param\u00e8tres Cookies dans Safari<\/a><\/li>\n<li><a href=\"https:\/\/support.microsoft.com\/fr-fr\/help\/4468242\/microsoft-edge-browsing-data-and-privacy\" target=\"blank\" rel=\"noopener\">Param\u00e8tres Cookies dans Microsoft Edge<\/a><\/li>\n<\/ul>\n<h2>5. Modifications<\/h2>\n<p>Nous nous r\u00e9servons le droit de modifier cette D\u00e9claration d\u2019utilisation de cookies \u00e0 tout moment.<\/p>\n<p>Cette D\u00e9claration de cookie a \u00e9t\u00e9 modifi\u00e9e et revue pour la derni\u00e8re fois le 9 octobre 2018.<\/p>\n<h2>6. Coordonn\u00e9es<\/h2>\n<p>L\u2019entreprise est responsable du traitement de ces cookies, fichiers et tags. Lorsque cela inclut des donn\u00e9es \u00e0 caract\u00e8re personnel, notre d\u00e9claration de confidentialit\u00e9 est applicable.<\/p>\n<p>Pour toute demande relative \u00e0 la pr\u00e9sente d\u00e9claration d\u2019utilisation de cookies ou quant \u00e0 notre politique de protection de la vie priv\u00e9e, merci de nous contacter \u00e0 l\u2019adresse e-mail suivante : <a href=\"mailto:restaurant.labergerie@outlook.be\"><i class=\"fas fa-envelope\"><\/i>restaurant.labergerie@outlook.be<\/a><\/p>\n","protected":false},"excerpt":{"rendered":"<p>La pr\u00e9sente D\u00e9claration d\u2019utilisation de cookies s\u2019applique au site web www.labergeriedandrimont.be (ci-apr\u00e8s d\u00e9sign\u00e9 par le \u00ab Site Web \u00bb). Le Site Web est exploit\u00e9 par Aline et Jean-Fran\u00e7ois Ahn, dont le si\u00e8ge social est situ\u00e9 \u00e0 Route de Henri-Chapelle 158 4821 Andrimont. La pr\u00e9sente d\u00e9claration a pour but d\u2019informer l\u2019utilisateur du Site Web au sujet [&hellip;]<\/p>\n","protected":false},"author":1,"featured_media":0,"parent":0,"menu_order":0,"comment_status":"closed","ping_status":"closed","template":"","meta":{"_acf_changed":false,"footnotes":""},"class_list":["post-442","page","type-page","status-publish","hentry"],"acf":[],"yoast_head":"<!-- This site is optimized with the Yoast SEO plugin v27.5 - https:\/\/yoast.com\/product\/yoast-seo-wordpress\/ -->\n<title>Politique de cookies - La Bergerie Andrimont<\/title>\n<meta name=\"robots\" content=\"index, follow, max-snippet:-1, max-image-preview:large, max-video-preview:-1\" \/>\n<link rel=\"canonical\" href=\"https:\/\/www.labergeriedandrimont.be\/de\/politique-de-cookies\/\" \/>\n<meta property=\"og:locale\" content=\"de_DE\" \/>\n<meta property=\"og:type\" content=\"article\" \/>\n<meta property=\"og:title\" content=\"Politique de cookies - La Bergerie Andrimont\" \/>\n<meta property=\"og:description\" content=\"La pr\u00e9sente D\u00e9claration d\u2019utilisation de cookies s\u2019applique au site web www.labergeriedandrimont.be (ci-apr\u00e8s d\u00e9sign\u00e9 par le \u00ab Site Web \u00bb). Le Site Web est exploit\u00e9 par Aline et Jean-Fran\u00e7ois Ahn, dont le si\u00e8ge social est situ\u00e9 \u00e0 Route de Henri-Chapelle 158 4821 Andrimont. La pr\u00e9sente d\u00e9claration a pour but d\u2019informer l\u2019utilisateur du Site Web au sujet [&hellip;]\" \/>\n<meta property=\"og:url\" content=\"https:\/\/www.labergeriedandrimont.be\/de\/politique-de-cookies\/\" \/>\n<meta property=\"og:site_name\" content=\"La Bergerie Andrimont\" \/>\n<meta name=\"twitter:card\" content=\"summary_large_image\" \/>\n<meta name=\"twitter:label1\" content=\"Gesch\u00e4tzte Lesezeit\" \/>\n\t<meta name=\"twitter:data1\" content=\"3\u00a0Minuten\" \/>\n<script type=\"application\/ld+json\" class=\"yoast-schema-graph\">{\"@context\":\"https:\\\/\\\/schema.org\",\"@graph\":[{\"@type\":\"WebPage\",\"@id\":\"https:\\\/\\\/www.labergeriedandrimont.be\\\/de\\\/politique-de-cookies\\\/\",\"url\":\"https:\\\/\\\/www.labergeriedandrimont.be\\\/de\\\/politique-de-cookies\\\/\",\"name\":\"Politique de cookies - La Bergerie Andrimont\",\"isPartOf\":{\"@id\":\"https:\\\/\\\/www.labergeriedandrimont.be\\\/de\\\/#website\"},\"datePublished\":\"2021-05-19T08:28:09+00:00\",\"breadcrumb\":{\"@id\":\"https:\\\/\\\/www.labergeriedandrimont.be\\\/de\\\/politique-de-cookies\\\/#breadcrumb\"},\"inLanguage\":\"de\",\"potentialAction\":[{\"@type\":\"ReadAction\",\"target\":[\"https:\\\/\\\/www.labergeriedandrimont.be\\\/de\\\/politique-de-cookies\\\/\"]}]},{\"@type\":\"BreadcrumbList\",\"@id\":\"https:\\\/\\\/www.labergeriedandrimont.be\\\/de\\\/politique-de-cookies\\\/#breadcrumb\",\"itemListElement\":[{\"@type\":\"ListItem\",\"position\":1,\"name\":\"Accueil\",\"item\":\"https:\\\/\\\/www.labergeriedandrimont.be\\\/de\\\/\"},{\"@type\":\"ListItem\",\"position\":2,\"name\":\"Politique de cookies\"}]},{\"@type\":\"WebSite\",\"@id\":\"https:\\\/\\\/www.labergeriedandrimont.be\\\/de\\\/#website\",\"url\":\"https:\\\/\\\/www.labergeriedandrimont.be\\\/de\\\/\",\"name\":\"La Bergerie Andrimont\",\"description\":\"Un site utilisant WordPress\",\"potentialAction\":[{\"@type\":\"SearchAction\",\"target\":{\"@type\":\"EntryPoint\",\"urlTemplate\":\"https:\\\/\\\/www.labergeriedandrimont.be\\\/de\\\/?s={search_term_string}\"},\"query-input\":{\"@type\":\"PropertyValueSpecification\",\"valueRequired\":true,\"valueName\":\"search_term_string\"}}],\"inLanguage\":\"de\"}]}<\/script>\n<!-- \/ Yoast SEO plugin. -->","yoast_head_json":{"title":"Politique de cookies - La Bergerie Andrimont","robots":{"index":"index","follow":"follow","max-snippet":"max-snippet:-1","max-image-preview":"max-image-preview:large","max-video-preview":"max-video-preview:-1"},"canonical":"https:\/\/www.labergeriedandrimont.be\/de\/politique-de-cookies\/","og_locale":"de_DE","og_type":"article","og_title":"Politique de cookies - La Bergerie Andrimont","og_description":"La pr\u00e9sente D\u00e9claration d\u2019utilisation de cookies s\u2019applique au site web www.labergeriedandrimont.be (ci-apr\u00e8s d\u00e9sign\u00e9 par le \u00ab Site Web \u00bb). Le Site Web est exploit\u00e9 par Aline et Jean-Fran\u00e7ois Ahn, dont le si\u00e8ge social est situ\u00e9 \u00e0 Route de Henri-Chapelle 158 4821 Andrimont. La pr\u00e9sente d\u00e9claration a pour but d\u2019informer l\u2019utilisateur du Site Web au sujet [&hellip;]","og_url":"https:\/\/www.labergeriedandrimont.be\/de\/politique-de-cookies\/","og_site_name":"La Bergerie Andrimont","twitter_card":"summary_large_image","twitter_misc":{"Gesch\u00e4tzte Lesezeit":"3\u00a0Minuten"},"schema":{"@context":"https:\/\/schema.org","@graph":[{"@type":"WebPage","@id":"https:\/\/www.labergeriedandrimont.be\/de\/politique-de-cookies\/","url":"https:\/\/www.labergeriedandrimont.be\/de\/politique-de-cookies\/","name":"Politique de cookies - La Bergerie Andrimont","isPartOf":{"@id":"https:\/\/www.labergeriedandrimont.be\/de\/#website"},"datePublished":"2021-05-19T08:28:09+00:00","breadcrumb":{"@id":"https:\/\/www.labergeriedandrimont.be\/de\/politique-de-cookies\/#breadcrumb"},"inLanguage":"de","potentialAction":[{"@type":"ReadAction","target":["https:\/\/www.labergeriedandrimont.be\/de\/politique-de-cookies\/"]}]},{"@type":"BreadcrumbList","@id":"https:\/\/www.labergeriedandrimont.be\/de\/politique-de-cookies\/#breadcrumb","itemListElement":[{"@type":"ListItem","position":1,"name":"Accueil","item":"https:\/\/www.labergeriedandrimont.be\/de\/"},{"@type":"ListItem","position":2,"name":"Politique de cookies"}]},{"@type":"WebSite","@id":"https:\/\/www.labergeriedandrimont.be\/de\/#website","url":"https:\/\/www.labergeriedandrimont.be\/de\/","name":"La Bergerie Andrimont","description":"Un site utilisant WordPress","potentialAction":[{"@type":"SearchAction","target":{"@type":"EntryPoint","urlTemplate":"https:\/\/www.labergeriedandrimont.be\/de\/?s={search_term_string}"},"query-input":{"@type":"PropertyValueSpecification","valueRequired":true,"valueName":"search_term_string"}}],"inLanguage":"de"}]}},"_links":{"self":[{"href":"https:\/\/www.labergeriedandrimont.be\/de\/wp-json\/wp\/v2\/pages\/442","targetHints":{"allow":["GET"]}}],"collection":[{"href":"https:\/\/www.labergeriedandrimont.be\/de\/wp-json\/wp\/v2\/pages"}],"about":[{"href":"https:\/\/www.labergeriedandrimont.be\/de\/wp-json\/wp\/v2\/types\/page"}],"author":[{"embeddable":true,"href":"https:\/\/www.labergeriedandrimont.be\/de\/wp-json\/wp\/v2\/users\/1"}],"replies":[{"embeddable":true,"href":"https:\/\/www.labergeriedandrimont.be\/de\/wp-json\/wp\/v2\/comments?post=442"}],"version-history":[{"count":0,"href":"https:\/\/www.labergeriedandrimont.be\/de\/wp-json\/wp\/v2\/pages\/442\/revisions"}],"wp:attachment":[{"href":"https:\/\/www.labergeriedandrimont.be\/de\/wp-json\/wp\/v2\/media?parent=442"}],"curies":[{"name":"wp","href":"https:\/\/api.w.org\/{rel}","templated":true}]}}